{"id":492,"date":"2022-08-10T06:53:43","date_gmt":"2022-08-10T06:53:43","guid":{"rendered":"https:\/\/novaautopecas.com.br\/?page_id=492"},"modified":"2023-05-26T16:01:28","modified_gmt":"2023-05-26T16:01:28","slug":"catalogos-virtuais","status":"publish","type":"page","link":"https:\/\/novaautopecas.com.br\/?page_id=492","title":{"rendered":"Cat\u00e1logos Virtuais"},"content":{"rendered":"\t\t<div data-elementor-type=\"wp-page\" data-elementor-id=\"492\" class=\"elementor elementor-492\">\n\t\t\t\t\t\t<section class=\"elementor-section elementor-top-section elementor-element elementor-element-57b5e719 elementor-section-boxed elementor-section-height-default elementor-section-height-default\" data-id=\"57b5e719\" data-element_type=\"section\" data-e-type=\"section\" data-settings=\"{&quot;background_background&quot;:&quot;classic&quot;}\">\n\t\t\t\t\t\t\t<div class=\"elementor-background-overlay\"><\/div>\n\t\t\t\t\t\t\t<div class=\"elementor-container elementor-column-gap-default\">\n\t\t\t\t\t<div class=\"elementor-column elementor-col-100 elementor-top-column elementor-element elementor-element-4f31a2cb\" data-id=\"4f31a2cb\" data-element_type=\"column\" data-e-type=\"column\">\n\t\t\t<div class=\"elementor-widget-wrap elementor-element-populated\">\n\t\t\t\t\t\t<div class=\"elementor-element elementor-element-357a675 de_scroll_animation_no elementor-invisible elementor-widget elementor-widget-theme-page-title\" data-id=\"357a675\" data-element_type=\"widget\" data-e-type=\"widget\" data-settings=\"{&quot;_animation&quot;:&quot;fadeInUp&quot;}\" data-widget_type=\"theme-page-title.default\">\n\t\t\t\t<div class=\"elementor-widget-container\">\n\t\t\t\t\t \t\t\t\t<\/div>\n\t\t\t\t<\/div>\n\t\t\t\t<div class=\"elementor-element elementor-element-14c5e99f elementor-icon-list--layout-inline elementor-align-center elementor-list-item-link-full_width de_scroll_animation_no elementor-invisible elementor-widget elementor-widget-icon-list\" data-id=\"14c5e99f\" data-element_type=\"widget\" data-e-type=\"widget\" data-settings=\"{&quot;_animation&quot;:&quot;fadeInUp&quot;}\" data-widget_type=\"icon-list.default\">\n\t\t\t\t<div class=\"elementor-widget-container\">\n\t\t\t\t\t\t\t<ul class=\"elementor-icon-list-items elementor-inline-items\">\n\t\t\t\t\t\t\t<li class=\"elementor-icon-list-item elementor-inline-item\">\n\t\t\t\t\t\t\t\t\t\t\t<a href=\"#\">\n\n\t\t\t\t\t\t\t\t\t\t\t<span class=\"elementor-icon-list-text\">Home<\/span>\n\t\t\t\t\t\t\t\t\t\t\t<\/a>\n\t\t\t\t\t\t\t\t\t<\/li>\n\t\t\t\t\t\t\t\t<li class=\"elementor-icon-list-item elementor-inline-item\">\n\t\t\t\t\t\t\t\t\t\t\t<a href=\"#\">\n\n\t\t\t\t\t\t\t\t\t\t\t\t<span class=\"elementor-icon-list-icon\">\n\t\t\t\t\t\t\t<i aria-hidden=\"true\" class=\"fas fa-angle-right\"><\/i>\t\t\t\t\t\t<\/span>\n\t\t\t\t\t\t\t\t\t\t<span class=\"elementor-icon-list-text\">Cat\u00e1logos Virtuais<\/span>\n\t\t\t\t\t\t\t\t\t\t\t<\/a>\n\t\t\t\t\t\t\t\t\t<\/li>\n\t\t\t\t\t\t<\/ul>\n\t\t\t\t\t\t<\/div>\n\t\t\t\t<\/div>\n\t\t\t\t\t<\/div>\n\t\t<\/div>\n\t\t\t\t\t<\/div>\n\t\t<\/section>\n\t\t<div class=\"elementor-element elementor-element-4d52b15 e-con-full e-flex e-con e-parent\" data-id=\"4d52b15\" data-element_type=\"container\" data-e-type=\"container\">\n\t\t\t\t<div class=\"elementor-element elementor-element-11f47e7 elementor-position-top de_scroll_animation_no elementor-widget elementor-widget-image-box\" data-id=\"11f47e7\" data-element_type=\"widget\" data-e-type=\"widget\" data-widget_type=\"image-box.default\">\n\t\t\t\t<div class=\"elementor-widget-container\">\n\t\t\t\t\t<div class=\"elementor-image-box-wrapper\"><figure class=\"elementor-image-box-img\"><a href=\"https:\/\/www.eaton.com\/br\/pt-br.html\" target=\"_blank\" tabindex=\"-1\"><img fetchpriority=\"high\" decoding=\"async\" width=\"298\" height=\"296\" src=\"https:\/\/novaautopecas.com.br\/wp-content\/uploads\/2023\/05\/EATON.png\" class=\"elementor-animation-grow attachment-full size-full wp-image-1813\" alt=\"\" srcset=\"https:\/\/novaautopecas.com.br\/wp-content\/uploads\/2023\/05\/EATON.png 298w, https:\/\/novaautopecas.com.br\/wp-content\/uploads\/2023\/05\/EATON-150x150.png 150w, https:\/\/novaautopecas.com.br\/wp-content\/uploads\/2023\/05\/EATON-100x100.png 100w, https:\/\/novaautopecas.com.br\/wp-content\/uploads\/2023\/05\/EATON-64x64.png 64w\" sizes=\"(max-width: 298px) 100vw, 298px\" \/><\/a><\/figure><div class=\"elementor-image-box-content\"><h3 class=\"elementor-image-box-title\"><a href=\"https:\/\/www.eaton.com\/br\/pt-br.html\" target=\"_blank\">EATON<\/a><\/h3><\/div><\/div>\t\t\t\t<\/div>\n\t\t\t\t<\/div>\n\t\t\t\t<div class=\"elementor-element elementor-element-9a99558 elementor-position-top de_scroll_animation_no elementor-widget elementor-widget-image-box\" data-id=\"9a99558\" data-element_type=\"widget\" data-e-type=\"widget\" data-widget_type=\"image-box.default\">\n\t\t\t\t<div class=\"elementor-widget-container\">\n\t\t\t\t\t<div class=\"elementor-image-box-wrapper\"><figure class=\"elementor-image-box-img\"><a href=\"https:\/\/www.zf.com\/brazil\/pt\/home\/home.html\" target=\"_blank\" tabindex=\"-1\"><img decoding=\"async\" width=\"299\" height=\"298\" src=\"https:\/\/novaautopecas.com.br\/wp-content\/uploads\/2023\/05\/ZF-AGRICOLA.png\" class=\"elementor-animation-grow attachment-full size-full wp-image-1814\" alt=\"\" srcset=\"https:\/\/novaautopecas.com.br\/wp-content\/uploads\/2023\/05\/ZF-AGRICOLA.png 299w, https:\/\/novaautopecas.com.br\/wp-content\/uploads\/2023\/05\/ZF-AGRICOLA-150x150.png 150w, https:\/\/novaautopecas.com.br\/wp-content\/uploads\/2023\/05\/ZF-AGRICOLA-100x100.png 100w, https:\/\/novaautopecas.com.br\/wp-content\/uploads\/2023\/05\/ZF-AGRICOLA-64x64.png 64w\" sizes=\"(max-width: 299px) 100vw, 299px\" \/><\/a><\/figure><div class=\"elementor-image-box-content\"><h3 class=\"elementor-image-box-title\"><a href=\"https:\/\/www.zf.com\/brazil\/pt\/home\/home.html\" target=\"_blank\">ZF AGR\u00cdCOLA<\/a><\/h3><\/div><\/div>\t\t\t\t<\/div>\n\t\t\t\t<\/div>\n\t\t\t\t<div class=\"elementor-element elementor-element-c976528 elementor-position-top de_scroll_animation_no elementor-widget elementor-widget-image-box\" data-id=\"c976528\" data-element_type=\"widget\" data-e-type=\"widget\" data-widget_type=\"image-box.default\">\n\t\t\t\t<div class=\"elementor-widget-container\">\n\t\t\t\t\t<div class=\"elementor-image-box-wrapper\"><figure class=\"elementor-image-box-img\"><a href=\"https:\/\/cinpal.com\/catalogo-online.php\" target=\"_blank\" tabindex=\"-1\"><img decoding=\"async\" width=\"299\" height=\"297\" src=\"https:\/\/novaautopecas.com.br\/wp-content\/uploads\/2023\/05\/CINPAL.png\" class=\"elementor-animation-grow attachment-full size-full wp-image-1821\" alt=\"\" srcset=\"https:\/\/novaautopecas.com.br\/wp-content\/uploads\/2023\/05\/CINPAL.png 299w, https:\/\/novaautopecas.com.br\/wp-content\/uploads\/2023\/05\/CINPAL-150x150.png 150w, https:\/\/novaautopecas.com.br\/wp-content\/uploads\/2023\/05\/CINPAL-100x100.png 100w, https:\/\/novaautopecas.com.br\/wp-content\/uploads\/2023\/05\/CINPAL-64x64.png 64w\" sizes=\"(max-width: 299px) 100vw, 299px\" \/><\/a><\/figure><div class=\"elementor-image-box-content\"><h3 class=\"elementor-image-box-title\"><a href=\"https:\/\/cinpal.com\/catalogo-online.php\" target=\"_blank\">CINPAL<\/a><\/h3><\/div><\/div>\t\t\t\t<\/div>\n\t\t\t\t<\/div>\n\t\t\t\t<div class=\"elementor-element elementor-element-a7799fe elementor-position-top de_scroll_animation_no elementor-widget elementor-widget-image-box\" data-id=\"a7799fe\" data-element_type=\"widget\" data-e-type=\"widget\" data-widget_type=\"image-box.default\">\n\t\t\t\t<div class=\"elementor-widget-container\">\n\t\t\t\t\t<div class=\"elementor-image-box-wrapper\"><figure class=\"elementor-image-box-img\"><a href=\"https:\/\/www.eurotecnica.com.br\/catalogos\/\" target=\"_blank\" tabindex=\"-1\"><img loading=\"lazy\" decoding=\"async\" width=\"297\" height=\"296\" src=\"https:\/\/novaautopecas.com.br\/wp-content\/uploads\/2023\/05\/EUROTECNICA.png\" class=\"elementor-animation-grow attachment-full size-full wp-image-1822\" alt=\"\" srcset=\"https:\/\/novaautopecas.com.br\/wp-content\/uploads\/2023\/05\/EUROTECNICA.png 297w, https:\/\/novaautopecas.com.br\/wp-content\/uploads\/2023\/05\/EUROTECNICA-150x150.png 150w, https:\/\/novaautopecas.com.br\/wp-content\/uploads\/2023\/05\/EUROTECNICA-100x100.png 100w, https:\/\/novaautopecas.com.br\/wp-content\/uploads\/2023\/05\/EUROTECNICA-64x64.png 64w\" sizes=\"(max-width: 297px) 100vw, 297px\" \/><\/a><\/figure><div class=\"elementor-image-box-content\"><h3 class=\"elementor-image-box-title\"><a href=\"https:\/\/www.eurotecnica.com.br\/catalogos\/\" target=\"_blank\">EUROT\u00c9CNICA<\/a><\/h3><\/div><\/div>\t\t\t\t<\/div>\n\t\t\t\t<\/div>\n\t\t\t\t<div class=\"elementor-element elementor-element-b9ddcb2 elementor-position-top de_scroll_animation_no elementor-widget elementor-widget-image-box\" data-id=\"b9ddcb2\" data-element_type=\"widget\" data-e-type=\"widget\" data-widget_type=\"image-box.default\">\n\t\t\t\t<div class=\"elementor-widget-container\">\n\t\t\t\t\t<div class=\"elementor-image-box-wrapper\"><figure class=\"elementor-image-box-img\"><a href=\"https:\/\/www.ms-motorservice.com.br\/download\/catalogos\/\" target=\"_blank\" tabindex=\"-1\"><img loading=\"lazy\" decoding=\"async\" width=\"300\" height=\"297\" src=\"https:\/\/novaautopecas.com.br\/wp-content\/uploads\/2023\/05\/KS-PIERBURG.png\" class=\"elementor-animation-grow attachment-full size-full wp-image-1826\" alt=\"\" srcset=\"https:\/\/novaautopecas.com.br\/wp-content\/uploads\/2023\/05\/KS-PIERBURG.png 300w, https:\/\/novaautopecas.com.br\/wp-content\/uploads\/2023\/05\/KS-PIERBURG-150x150.png 150w, https:\/\/novaautopecas.com.br\/wp-content\/uploads\/2023\/05\/KS-PIERBURG-100x100.png 100w, https:\/\/novaautopecas.com.br\/wp-content\/uploads\/2023\/05\/KS-PIERBURG-64x63.png 64w\" sizes=\"(max-width: 300px) 100vw, 300px\" \/><\/a><\/figure><div class=\"elementor-image-box-content\"><h3 class=\"elementor-image-box-title\"><a href=\"https:\/\/www.ms-motorservice.com.br\/download\/catalogos\/\" target=\"_blank\">KS PIERBURG<\/a><\/h3><\/div><\/div>\t\t\t\t<\/div>\n\t\t\t\t<\/div>\n\t\t\t\t<\/div>\n\t\t\t\t<\/div>\n\t\t","protected":false},"excerpt":{"rendered":"<p>Home Cat\u00e1logos Virtuais EATON ZF AGR\u00cdCOLA CINPAL EUROT\u00c9CNICA KS PIERBURG<\/p>\n","protected":false},"author":1,"featured_media":0,"parent":0,"menu_order":0,"comment_status":"closed","ping_status":"closed","template":"elementor_header_footer","meta":{"footnotes":""},"class_list":["post-492","page","type-page","status-publish","hentry"],"_links":{"self":[{"href":"https:\/\/novaautopecas.com.br\/index.php?rest_route=\/wp\/v2\/pages\/492","targetHints":{"allow":["GET"]}}],"collection":[{"href":"https:\/\/novaautopecas.com.br\/index.php?rest_route=\/wp\/v2\/pages"}],"about":[{"href":"https:\/\/novaautopecas.com.br\/index.php?rest_route=\/wp\/v2\/types\/page"}],"author":[{"embeddable":true,"href":"https:\/\/novaautopecas.com.br\/index.php?rest_route=\/wp\/v2\/users\/1"}],"replies":[{"embeddable":true,"href":"https:\/\/novaautopecas.com.br\/index.php?rest_route=%2Fwp%2Fv2%2Fcomments&post=492"}],"version-history":[{"count":43,"href":"https:\/\/novaautopecas.com.br\/index.php?rest_route=\/wp\/v2\/pages\/492\/revisions"}],"predecessor-version":[{"id":2103,"href":"https:\/\/novaautopecas.com.br\/index.php?rest_route=\/wp\/v2\/pages\/492\/revisions\/2103"}],"wp:attachment":[{"href":"https:\/\/novaautopecas.com.br\/index.php?rest_route=%2Fwp%2Fv2%2Fmedia&parent=492"}],"curies":[{"name":"wp","href":"https:\/\/api.w.org\/{rel}","templated":true}]}}